{"id":1728,"date":"2023-11-13T09:41:51","date_gmt":"2023-11-13T08:41:51","guid":{"rendered":"https:\/\/scriani.it\/?post_type=product&#038;p=1728"},"modified":"2025-10-06T12:34:23","modified_gmt":"2025-10-06T10:34:23","slug":"twenty","status":"publish","type":"product","link":"https:\/\/scriani.it\/de\/twenty\/","title":{"rendered":"Twenty"},"content":{"rendered":"<h2>Rot<\/h2>\n<h3>Veronese \u2013 IGT<\/h3>\n<p><strong>Twenty <\/strong>ist die Geschichte einer Familie, eines Gebiets und eines Weins. Wir wollten <strong>unsere Urspr\u00fcnge mit unserer Gegenwart vereinen<\/strong>, indem wir Twenty schufen, ein Familienjuwel, das anl\u00e4sslich des <strong>20-j\u00e4hrigen Bestehens des Unternehmens<\/strong> entstand. <\/p>\n<p>Ein rubinroter, vollmundiger Wein: Faszinierend und rund, mit einem Duft von Pflaumen, Noten von Vanille und einem warmen, angenehmen Abgang, der an Kakao erinnert.<\/p>\n<p><strong>Alkoholgehalt:<\/strong> 15% vol.<br \/>\n<strong>Format:<\/strong> 0,75-L-Flasche<\/p>\n","protected":false},"excerpt":{"rendered":"<p>Rot Veronese \u2013 IGT Twenty ist die Geschichte einer Familie, eines Gebiets und eines Weins. Wir wollten unsere Urspr\u00fcnge mit unserer Gegenwart vereinen, indem wir Twenty schufen, ein Familienjuwel, das anl\u00e4sslich des 20-j\u00e4hrigen Bestehens des Unternehmens entstand. Ein rubinroter, vollmundiger Wein: Faszinierend und rund, mit einem Duft von Pflaumen, Noten von Vanille und einem warmen, [&hellip;]<\/p>\n","protected":false},"featured_media":1731,"template":"","meta":{"_acf_changed":false,"_et_pb_use_builder":"off","_et_pb_old_content":"","_et_gb_content_width":""},"product_brand":[],"product_cat":[25],"product_tag":[27],"class_list":{"0":"post-1728","1":"product","2":"type-product","3":"status-publish","4":"has-post-thumbnail","6":"product_cat-vini","7":"product_tag-rosso-veronese-igt","9":"first","10":"instock","11":"virtual","12":"product-type-simple"},"acf":[],"_links":{"self":[{"href":"https:\/\/scriani.it\/de\/wp-json\/wp\/v2\/product\/1728","targetHints":{"allow":["GET"]}}],"collection":[{"href":"https:\/\/scriani.it\/de\/wp-json\/wp\/v2\/product"}],"about":[{"href":"https:\/\/scriani.it\/de\/wp-json\/wp\/v2\/types\/product"}],"wp:featuredmedia":[{"embeddable":true,"href":"https:\/\/scriani.it\/de\/wp-json\/wp\/v2\/media\/1731"}],"wp:attachment":[{"href":"https:\/\/scriani.it\/de\/wp-json\/wp\/v2\/media?parent=1728"}],"wp:term":[{"taxonomy":"product_brand","embeddable":true,"href":"https:\/\/scriani.it\/de\/wp-json\/wp\/v2\/product_brand?post=1728"},{"taxonomy":"product_cat","embeddable":true,"href":"https:\/\/scriani.it\/de\/wp-json\/wp\/v2\/product_cat?post=1728"},{"taxonomy":"product_tag","embeddable":true,"href":"https:\/\/scriani.it\/de\/wp-json\/wp\/v2\/product_tag?post=1728"}],"curies":[{"name":"wp","href":"https:\/\/api.w.org\/{rel}","templated":true}]}}