{"id":1735,"date":"2023-11-13T10:00:04","date_gmt":"2023-11-13T09:00:04","guid":{"rendered":"https:\/\/scriani.it\/?post_type=product&#038;p=1735"},"modified":"2026-03-03T15:59:05","modified_gmt":"2026-03-03T14:59:05","slug":"infinito","status":"publish","type":"product","link":"https:\/\/scriani.it\/de\/infinito\/","title":{"rendered":"Infinito"},"content":{"rendered":"<h2>Rot<\/h2>\n<h3>Veronese &#8211; IGT<\/h3>\n<p>Ankl\u00e4nge von Gew\u00fcrzen, Kr\u00e4utern, Himbeeren und Brombeeren im Abgang. Reich an tanninhaltigen Aromen und Farbe.<\/p>\n<p><strong>Alkoholgehalt:<\/strong> 15% vol.<br \/>\n<strong>Format:<\/strong> 0,75-L-Flasche<\/p>\n","protected":false},"excerpt":{"rendered":"<p>Rot Veronese &#8211; IGT Ankl\u00e4nge von Gew\u00fcrzen, Kr\u00e4utern, Himbeeren und Brombeeren im Abgang. Reich an tanninhaltigen Aromen und Farbe. Alkoholgehalt: 15% vol. Format: 0,75-L-Flasche<\/p>\n","protected":false},"featured_media":2055,"template":"","meta":{"_acf_changed":false,"_et_pb_use_builder":"","_et_pb_old_content":"","_et_gb_content_width":""},"product_brand":[],"product_cat":[25],"product_tag":[27],"class_list":{"0":"post-1735","1":"product","2":"type-product","3":"status-publish","4":"has-post-thumbnail","6":"product_cat-vini","7":"product_tag-rosso-veronese-igt","9":"first","10":"instock","11":"virtual","12":"product-type-simple"},"acf":[],"_links":{"self":[{"href":"https:\/\/scriani.it\/de\/wp-json\/wp\/v2\/product\/1735","targetHints":{"allow":["GET"]}}],"collection":[{"href":"https:\/\/scriani.it\/de\/wp-json\/wp\/v2\/product"}],"about":[{"href":"https:\/\/scriani.it\/de\/wp-json\/wp\/v2\/types\/product"}],"wp:featuredmedia":[{"embeddable":true,"href":"https:\/\/scriani.it\/de\/wp-json\/wp\/v2\/media\/2055"}],"wp:attachment":[{"href":"https:\/\/scriani.it\/de\/wp-json\/wp\/v2\/media?parent=1735"}],"wp:term":[{"taxonomy":"product_brand","embeddable":true,"href":"https:\/\/scriani.it\/de\/wp-json\/wp\/v2\/product_brand?post=1735"},{"taxonomy":"product_cat","embeddable":true,"href":"https:\/\/scriani.it\/de\/wp-json\/wp\/v2\/product_cat?post=1735"},{"taxonomy":"product_tag","embeddable":true,"href":"https:\/\/scriani.it\/de\/wp-json\/wp\/v2\/product_tag?post=1735"}],"curies":[{"name":"wp","href":"https:\/\/api.w.org\/{rel}","templated":true}]}}