{"id":1745,"date":"2023-11-13T12:28:00","date_gmt":"2023-11-13T11:28:00","guid":{"rendered":"https:\/\/scriani.it\/?post_type=product&#038;p=1745"},"modified":"2026-03-03T16:01:48","modified_gmt":"2026-03-03T15:01:48","slug":"carpane","status":"publish","type":"product","link":"https:\/\/scriani.it\/de\/carpane\/","title":{"rendered":"Carpan\u00e8"},"content":{"rendered":"<h2>Corvina<\/h2>\n<h3>Veronese &#8211; IGT<\/h3>\n<p><strong>Carpan\u00e8 <\/strong>bringt harmonisch die <strong>Vielfalt des Valpolicella-Gebiets<\/strong> zum Ausdruck, in dem er erzeugt wird, und wertet die \u201eUnregelm\u00e4\u00dfigkeiten\u201c im Vergleich zu den organoleptischen Standards der Produkte des Gebiets auf. Kr\u00e4ftige rubinrote Farbe, blumiger und beeriger Duft; am Gaumen angenehme kr\u00e4uterartige Noten mit Aromen von Gew\u00fcrzen und Bittermandeln.<\/p>\n<p><strong>Alkoholgehalt: <\/strong>14,5% vol.<br \/>\n<strong>Format:<\/strong> 0,75-L-Flasche<\/p>\n","protected":false},"excerpt":{"rendered":"<p>Corvina Veronese &#8211; IGT Carpan\u00e8 bringt harmonisch die Vielfalt des Valpolicella-Gebiets zum Ausdruck, in dem er erzeugt wird, und wertet die \u201eUnregelm\u00e4\u00dfigkeiten\u201c im Vergleich zu den organoleptischen Standards der Produkte des Gebiets auf. Kr\u00e4ftige rubinrote Farbe, blumiger und beeriger Duft; am Gaumen angenehme kr\u00e4uterartige Noten mit Aromen von Gew\u00fcrzen und Bittermandeln. Alkoholgehalt: 14,5% vol. Format: [&hellip;]<\/p>\n","protected":false},"featured_media":1753,"template":"","meta":{"_acf_changed":false,"_et_pb_use_builder":"","_et_pb_old_content":"","_et_gb_content_width":""},"product_brand":[],"product_cat":[25],"product_tag":[29],"class_list":{"0":"post-1745","1":"product","2":"type-product","3":"status-publish","4":"has-post-thumbnail","6":"product_cat-vini","7":"product_tag-corvina-veronese-igt","9":"first","10":"instock","11":"virtual","12":"product-type-simple"},"acf":[],"_links":{"self":[{"href":"https:\/\/scriani.it\/de\/wp-json\/wp\/v2\/product\/1745","targetHints":{"allow":["GET"]}}],"collection":[{"href":"https:\/\/scriani.it\/de\/wp-json\/wp\/v2\/product"}],"about":[{"href":"https:\/\/scriani.it\/de\/wp-json\/wp\/v2\/types\/product"}],"wp:featuredmedia":[{"embeddable":true,"href":"https:\/\/scriani.it\/de\/wp-json\/wp\/v2\/media\/1753"}],"wp:attachment":[{"href":"https:\/\/scriani.it\/de\/wp-json\/wp\/v2\/media?parent=1745"}],"wp:term":[{"taxonomy":"product_brand","embeddable":true,"href":"https:\/\/scriani.it\/de\/wp-json\/wp\/v2\/product_brand?post=1745"},{"taxonomy":"product_cat","embeddable":true,"href":"https:\/\/scriani.it\/de\/wp-json\/wp\/v2\/product_cat?post=1745"},{"taxonomy":"product_tag","embeddable":true,"href":"https:\/\/scriani.it\/de\/wp-json\/wp\/v2\/product_tag?post=1745"}],"curies":[{"name":"wp","href":"https:\/\/api.w.org\/{rel}","templated":true}]}}