{"id":1808,"date":"2023-11-13T17:54:00","date_gmt":"2023-11-13T16:54:00","guid":{"rendered":"https:\/\/scriani.it\/?post_type=product&#038;p=1808"},"modified":"2025-12-19T15:03:29","modified_gmt":"2025-12-19T14:03:29","slug":"soave","status":"publish","type":"product","link":"https:\/\/scriani.it\/de\/soave\/","title":{"rendered":"Soave"},"content":{"rendered":"<h3>DOC<\/h3>\n<p>Helle strohgelbe Farbe mit gr\u00fcnlichen Reflexen, brillant; frisches, delikates Aroma mit Noten von Weinbl\u00fcten, Kirsche und Holunderbl\u00fcten. Angenehm aromatisch und ausgewogen. <strong><br \/>\n<\/strong><\/p>\n<p><strong>Alkoholgehalt: <\/strong>12% vol.<br \/>\n<strong>Format:<\/strong> 0,50-L-Flasche<\/p>\n","protected":false},"excerpt":{"rendered":"<p>DOC Helle strohgelbe Farbe mit gr\u00fcnlichen Reflexen, brillant; frisches, delikates Aroma mit Noten von Weinbl\u00fcten, Kirsche und Holunderbl\u00fcten. Angenehm aromatisch und ausgewogen. Alkoholgehalt: 12% vol. Format: 0,50-L-Flasche<\/p>\n","protected":false},"featured_media":2016,"template":"","meta":{"_acf_changed":false,"_et_pb_use_builder":"","_et_pb_old_content":"","_et_gb_content_width":""},"product_brand":[],"product_cat":[25],"product_tag":[31],"class_list":{"0":"post-1808","1":"product","2":"type-product","3":"status-publish","4":"has-post-thumbnail","6":"product_cat-vini","7":"product_tag-doc","9":"first","10":"instock","11":"virtual","12":"product-type-simple"},"acf":[],"_links":{"self":[{"href":"https:\/\/scriani.it\/de\/wp-json\/wp\/v2\/product\/1808","targetHints":{"allow":["GET"]}}],"collection":[{"href":"https:\/\/scriani.it\/de\/wp-json\/wp\/v2\/product"}],"about":[{"href":"https:\/\/scriani.it\/de\/wp-json\/wp\/v2\/types\/product"}],"wp:featuredmedia":[{"embeddable":true,"href":"https:\/\/scriani.it\/de\/wp-json\/wp\/v2\/media\/2016"}],"wp:attachment":[{"href":"https:\/\/scriani.it\/de\/wp-json\/wp\/v2\/media?parent=1808"}],"wp:term":[{"taxonomy":"product_brand","embeddable":true,"href":"https:\/\/scriani.it\/de\/wp-json\/wp\/v2\/product_brand?post=1808"},{"taxonomy":"product_cat","embeddable":true,"href":"https:\/\/scriani.it\/de\/wp-json\/wp\/v2\/product_cat?post=1808"},{"taxonomy":"product_tag","embeddable":true,"href":"https:\/\/scriani.it\/de\/wp-json\/wp\/v2\/product_tag?post=1808"}],"curies":[{"name":"wp","href":"https:\/\/api.w.org\/{rel}","templated":true}]}}